{"id":116,"date":"2023-01-11T11:58:45","date_gmt":"2023-01-11T11:58:45","guid":{"rendered":"https:\/\/www.sktperfectdemo.com\/demos\/electrician\/?page_id=116"},"modified":"2025-09-18T18:54:19","modified_gmt":"2025-09-18T16:54:19","slug":"a_propos_nous","status":"publish","type":"page","link":"https:\/\/mbssolution.be\/index.php\/a_propos_nous\/","title":{"rendered":"A propos de Nous"},"content":{"rendered":"\t\t<div data-elementor-type=\"wp-page\" data-elementor-id=\"116\" class=\"elementor elementor-116\">\n\t\t\t\t\t\t<section class=\"elementor-section elementor-top-section elementor-element elementor-element-3118fd71 electrician-pro-section-5 elementor-section-boxed elementor-section-height-default elementor-section-height-default\" data-id=\"3118fd71\" data-element_type=\"section\" data-settings=\"{&quot;background_background&quot;:&quot;classic&quot;}\">\n\t\t\t\t\t\t<div class=\"elementor-container elementor-column-gap-default\">\n\t\t\t\t\t<div class=\"elementor-column elementor-col-33 elementor-top-column elementor-element elementor-element-676f5460 electrician-pro-section-5-left\" data-id=\"676f5460\" data-element_type=\"column\">\n\t\t\t<div class=\"elementor-widget-wrap elementor-element-populated\">\n\t\t\t\t\t\t<div class=\"elementor-element elementor-element-65036eda elementor-widget elementor-widget-image\" data-id=\"65036eda\" data-element_type=\"widget\" data-widget_type=\"image.default\">\n\t\t\t\t<div class=\"elementor-widget-container\">\n\t\t\t\t\t\t\t\t\t\t\t\t\t\t\t<img fetchpriority=\"high\" decoding=\"async\" width=\"2098\" height=\"608\" src=\"https:\/\/mbssolution.be\/wp-content\/uploads\/2023\/06\/MBS-LOGO-2023-e1687981644675.png\" class=\"attachment-full size-full wp-image-241\" alt=\"\" srcset=\"https:\/\/mbssolution.be\/wp-content\/uploads\/2023\/06\/MBS-LOGO-2023-e1687981644675.png 2098w, https:\/\/mbssolution.be\/wp-content\/uploads\/2023\/06\/MBS-LOGO-2023-e1687981644675-300x87.png 300w, https:\/\/mbssolution.be\/wp-content\/uploads\/2023\/06\/MBS-LOGO-2023-e1687981644675-1024x297.png 1024w, https:\/\/mbssolution.be\/wp-content\/uploads\/2023\/06\/MBS-LOGO-2023-e1687981644675-768x223.png 768w, https:\/\/mbssolution.be\/wp-content\/uploads\/2023\/06\/MBS-LOGO-2023-e1687981644675-1536x445.png 1536w, https:\/\/mbssolution.be\/wp-content\/uploads\/2023\/06\/MBS-LOGO-2023-e1687981644675-2048x594.png 2048w\" sizes=\"(max-width: 2098px) 100vw, 2098px\" \/>\t\t\t\t\t\t\t\t\t\t\t\t\t\t\t<\/div>\n\t\t\t\t<\/div>\n\t\t\t\t<div class=\"elementor-element elementor-element-3458be01 elementor-mobile-align-center elementor-widget elementor-widget-button\" data-id=\"3458be01\" data-element_type=\"widget\" data-widget_type=\"button.default\">\n\t\t\t\t<div class=\"elementor-widget-container\">\n\t\t\t\t\t\t\t\t\t<div class=\"elementor-button-wrapper\">\n\t\t\t\t\t<a class=\"elementor-button elementor-button-link elementor-size-sm\" href=\"#\">\n\t\t\t\t\t\t<span class=\"elementor-button-content-wrapper\">\n\t\t\t\t\t\t\t\t\t<span class=\"elementor-button-text\">Voir La Team<\/span>\n\t\t\t\t\t<\/span>\n\t\t\t\t\t<\/a>\n\t\t\t\t<\/div>\n\t\t\t\t\t\t\t\t<\/div>\n\t\t\t\t<\/div>\n\t\t\t\t<div class=\"elementor-element elementor-element-c7673f0 elementor-widget elementor-widget-image\" data-id=\"c7673f0\" data-element_type=\"widget\" data-widget_type=\"image.default\">\n\t\t\t\t<div class=\"elementor-widget-container\">\n\t\t\t\t\t\t\t\t\t\t\t\t\t\t\t<img decoding=\"async\" width=\"1024\" height=\"407\" src=\"https:\/\/mbssolution.be\/wp-content\/uploads\/2023\/06\/WhatsApp-Image-2023-06-21-a-23.30.36-e1687522412214.jpg\" class=\"attachment-large size-large wp-image-343\" alt=\"\" srcset=\"https:\/\/mbssolution.be\/wp-content\/uploads\/2023\/06\/WhatsApp-Image-2023-06-21-a-23.30.36-e1687522412214.jpg 1024w, https:\/\/mbssolution.be\/wp-content\/uploads\/2023\/06\/WhatsApp-Image-2023-06-21-a-23.30.36-e1687522412214-300x119.jpg 300w, https:\/\/mbssolution.be\/wp-content\/uploads\/2023\/06\/WhatsApp-Image-2023-06-21-a-23.30.36-e1687522412214-768x305.jpg 768w\" sizes=\"(max-width: 1024px) 100vw, 1024px\" \/>\t\t\t\t\t\t\t\t\t\t\t\t\t\t\t<\/div>\n\t\t\t\t<\/div>\n\t\t\t\t<div class=\"elementor-element elementor-element-693cc4d4 elementor-widget__width-auto electrician-pro-make-appobtn elementor-mobile-align-center elementor-widget-mobile__width-inherit elementor-widget elementor-widget-button\" data-id=\"693cc4d4\" data-element_type=\"widget\" data-widget_type=\"button.default\">\n\t\t\t\t<div class=\"elementor-widget-container\">\n\t\t\t\t\t\t\t\t\t<div class=\"elementor-button-wrapper\">\n\t\t\t\t\t<a class=\"elementor-button elementor-button-link elementor-size-sm\" href=\"http:\/\/[contact-form-7%20id=452%20title=formulaire%20de%20contact]\">\n\t\t\t\t\t\t<span class=\"elementor-button-content-wrapper\">\n\t\t\t\t\t\t\t\t\t<span class=\"elementor-button-text\">Nous constacter<\/span>\n\t\t\t\t\t<\/span>\n\t\t\t\t\t<\/a>\n\t\t\t\t<\/div>\n\t\t\t\t\t\t\t\t<\/div>\n\t\t\t\t<\/div>\n\t\t\t\t\t<\/div>\n\t\t<\/div>\n\t\t\t\t<div class=\"elementor-column elementor-col-33 elementor-top-column elementor-element elementor-element-328447ef electrician-pro-section-5-mid\" data-id=\"328447ef\" data-element_type=\"column\">\n\t\t\t<div class=\"elementor-widget-wrap\">\n\t\t\t\t\t\t\t<\/div>\n\t\t<\/div>\n\t\t\t\t<div class=\"elementor-column elementor-col-33 elementor-top-column elementor-element elementor-element-3a145141 electrician-pro-section-5-right\" data-id=\"3a145141\" data-element_type=\"column\">\n\t\t\t<div class=\"elementor-widget-wrap elementor-element-populated\">\n\t\t\t\t\t\t<div class=\"elementor-element elementor-element-1f40f6c0 elementor-widget elementor-widget-heading\" data-id=\"1f40f6c0\" data-element_type=\"widget\" data-widget_type=\"heading.default\">\n\t\t\t\t<div class=\"elementor-widget-container\">\n\t\t\t\t\t<h2 class=\"elementor-heading-title elementor-size-default\">A propos de nous,<\/h2>\t\t\t\t<\/div>\n\t\t\t\t<\/div>\n\t\t\t\t<div class=\"elementor-element elementor-element-56edc1c4 elementor-widget__width-initial elementor-widget elementor-widget-text-editor\" data-id=\"56edc1c4\" data-element_type=\"widget\" data-widget_type=\"text-editor.default\">\n\t\t\t\t<div class=\"elementor-widget-container\">\n\t\t\t\t\t\t\t\t\t<p>MBS Solution est une soci\u00e9t\u00e9 d&rsquo;\u00e9lectricit\u00e9 familiale fond\u00e9e en 2006. Nous sommes fiers de fournir des services de qualit\u00e9 sup\u00e9rieure dans les secteurs du retail, de l&rsquo;industrie et du priv\u00e9. En tant qu&rsquo;entreprise familiale, nous valorisons la flexibilit\u00e9 et nous nous effor\u00e7ons de r\u00e9pondre aux besoins uniques de chaque client.<\/p><p>Nous sommes constamment investis dans l&rsquo;am\u00e9lioration de notre travail, en mettant r\u00e9guli\u00e8rement \u00e0 jour notre outillage avec des \u00e9quipements de pointe. Notre \u00e9quipe de techniciens b\u00e9n\u00e9ficie d&rsquo;un suivi personnalis\u00e9 et d&rsquo;une assistance dans leurs t\u00e2ches de d\u00e9pannage. Ainsi, ils ne se retrouvent jamais seuls lorsqu&rsquo;ils doivent r\u00e9soudre des probl\u00e8mes techniques complexes.<\/p><p>Nous avons \u00e9galement \u00e9tabli des partenariats solides avec des entreprises de qualit\u00e9, ce qui nous permet de rivaliser avec les grandes entreprises d&rsquo;\u00e9lectricit\u00e9. Cette collaboration nous permet de fournir des solutions comp\u00e9titives et de haute qualit\u00e9 \u00e0 nos clients.<\/p><p>Chez MBS Solution, notre objectif est de d\u00e9passer les attentes de nos clients en offrant des services fiables, un travail de qualit\u00e9 et une approche personnalis\u00e9e. Faites confiance \u00e0 notre expertise et \u00e0 notre engagement envers votre satisfaction pour tous vos besoins \u00e9lectriques.<\/p>\t\t\t\t\t\t\t\t<\/div>\n\t\t\t\t<\/div>\n\t\t\t\t\t<\/div>\n\t\t<\/div>\n\t\t\t\t\t<\/div>\n\t\t<\/section>\n\t\t\t\t<section class=\"elementor-section elementor-top-section elementor-element elementor-element-caec016 elementor-section-boxed elementor-section-height-default elementor-section-height-default\" data-id=\"caec016\" data-element_type=\"section\">\n\t\t\t\t\t\t<div class=\"elementor-container elementor-column-gap-default\">\n\t\t\t\t\t<div class=\"elementor-column elementor-col-100 elementor-top-column elementor-element elementor-element-e5b6a3d\" data-id=\"e5b6a3d\" data-element_type=\"column\">\n\t\t\t<div class=\"elementor-widget-wrap elementor-element-populated\">\n\t\t\t\t\t\t<div class=\"elementor-element elementor-element-48f940f elementor-invisible elementor-widget elementor-widget-heading\" data-id=\"48f940f\" data-element_type=\"widget\" data-settings=\"{&quot;_animation&quot;:&quot;flash&quot;}\" data-widget_type=\"heading.default\">\n\t\t\t\t<div class=\"elementor-widget-container\">\n\t\t\t\t\t<h2 class=\"elementor-heading-title elementor-size-default\">Travail de qualit\u00e9 rime avec S\u00e9curit\u00e9<\/h2>\t\t\t\t<\/div>\n\t\t\t\t<\/div>\n\t\t\t\t\t<\/div>\n\t\t<\/div>\n\t\t\t\t\t<\/div>\n\t\t<\/section>\n\t\t\t\t<section class=\"elementor-section elementor-top-section elementor-element elementor-element-3676f57 elementor-section-boxed elementor-section-height-default elementor-section-height-default\" data-id=\"3676f57\" data-element_type=\"section\">\n\t\t\t\t\t\t<div class=\"elementor-container elementor-column-gap-default\">\n\t\t\t\t\t<div class=\"elementor-column elementor-col-33 elementor-top-column elementor-element elementor-element-2e74734\" data-id=\"2e74734\" data-element_type=\"column\">\n\t\t\t<div class=\"elementor-widget-wrap elementor-element-populated\">\n\t\t\t\t\t\t<div class=\"elementor-element elementor-element-e4d003f elementor-widget elementor-widget-image\" data-id=\"e4d003f\" data-element_type=\"widget\" data-widget_type=\"image.default\">\n\t\t\t\t<div class=\"elementor-widget-container\">\n\t\t\t\t\t\t\t\t\t\t\t\t\t\t\t<img decoding=\"async\" width=\"1024\" height=\"1024\" src=\"https:\/\/mbssolution.be\/wp-content\/uploads\/2025\/09\/MBS-Secure.png\" class=\"attachment-large size-large wp-image-1086\" alt=\"\" srcset=\"https:\/\/mbssolution.be\/wp-content\/uploads\/2025\/09\/MBS-Secure.png 1024w, https:\/\/mbssolution.be\/wp-content\/uploads\/2025\/09\/MBS-Secure-300x300.png 300w, https:\/\/mbssolution.be\/wp-content\/uploads\/2025\/09\/MBS-Secure-150x150.png 150w, https:\/\/mbssolution.be\/wp-content\/uploads\/2025\/09\/MBS-Secure-768x768.png 768w\" sizes=\"(max-width: 1024px) 100vw, 1024px\" \/>\t\t\t\t\t\t\t\t\t\t\t\t\t\t\t<\/div>\n\t\t\t\t<\/div>\n\t\t\t\t\t<\/div>\n\t\t<\/div>\n\t\t\t\t<div class=\"elementor-column elementor-col-66 elementor-top-column elementor-element elementor-element-2446ae8\" data-id=\"2446ae8\" data-element_type=\"column\">\n\t\t\t<div class=\"elementor-widget-wrap elementor-element-populated\">\n\t\t\t\t\t\t<div class=\"elementor-element elementor-element-b808d3d elementor-widget elementor-widget-text-editor\" data-id=\"b808d3d\" data-element_type=\"widget\" data-widget_type=\"text-editor.default\">\n\t\t\t\t<div class=\"elementor-widget-container\">\n\t\t\t\t\t\t\t\t\t<p data-start=\"126\" data-end=\"375\">En 2017, <strong><em>MBS Solution<\/em><\/strong> avait fait le choix de s\u2019engager dans la certification VCA* (S\u00e9curit\u00e9, Sant\u00e9 et Environnement au Travail). Cette d\u00e9marche illustre notre volont\u00e9 d\u2019adopter les meilleures pratiques en mati\u00e8re de s\u00e9curit\u00e9 sur les chantiers.<\/p><p data-start=\"377\" data-end=\"580\">En 2025, nous avons d\u00e9cid\u00e9 de mettre fin \u00e0 cet enregistrement, devenu lourd financi\u00e8rement, d\u2019autant plus que le march\u00e9 ouvre de plus en plus ses acc\u00e8s aux plus petites entreprises non certifi\u00e9es.<\/p><p data-start=\"582\" data-end=\"983\">Cette d\u00e9cision ne change rien \u00e0 notre engagement : la s\u00e9curit\u00e9 reste et restera notre priorit\u00e9 absolue. Nous continuons \u00e0 appliquer des mesures rigoureuses pour r\u00e9duire les risques d\u2019accidents et assurer la protection de nos collaborateurs, de nos clients et de l\u2019environnement. Nos \u00e9quipes sont form\u00e9es, accompagn\u00e9es et travaillent selon des standards \u00e9lev\u00e9s, ind\u00e9pendamment de toute certification.<\/p><p data-start=\"985\" data-end=\"1103\">Chez <strong>MBS Solution<\/strong>, nous restons d\u00e9termin\u00e9s \u00e0 offrir un service fiable, de qualit\u00e9 et sans compromis sur la s\u00e9curit\u00e9.<\/p>\t\t\t\t\t\t\t\t<\/div>\n\t\t\t\t<\/div>\n\t\t\t\t\t<\/div>\n\t\t<\/div>\n\t\t\t\t\t<\/div>\n\t\t<\/section>\n\t\t\t\t<section class=\"elementor-section elementor-top-section elementor-element elementor-element-3c63cf75 electrician-pro-section-6 elementor-section-boxed elementor-section-height-default elementor-section-height-default\" data-id=\"3c63cf75\" data-element_type=\"section\" data-settings=\"{&quot;background_background&quot;:&quot;classic&quot;}\">\n\t\t\t\t\t\t<div class=\"elementor-container elementor-column-gap-default\">\n\t\t\t\t\t<div class=\"elementor-column elementor-col-33 elementor-top-column elementor-element elementor-element-2cdb7579 electrician-pro-section-6-left\" data-id=\"2cdb7579\" data-element_type=\"column\">\n\t\t\t<div class=\"elementor-widget-wrap\">\n\t\t\t\t\t\t\t<\/div>\n\t\t<\/div>\n\t\t\t\t<div class=\"elementor-column elementor-col-33 elementor-top-column elementor-element elementor-element-305c19d2 electrician-pro-section-6-mid\" data-id=\"305c19d2\" data-element_type=\"column\">\n\t\t\t<div class=\"elementor-widget-wrap\">\n\t\t\t\t\t\t\t<\/div>\n\t\t<\/div>\n\t\t\t\t<div class=\"elementor-column elementor-col-33 elementor-top-column elementor-element elementor-element-62362268 electrician-pro-section-6-right\" data-id=\"62362268\" data-element_type=\"column\">\n\t\t\t<div class=\"elementor-widget-wrap\">\n\t\t\t\t\t\t\t<\/div>\n\t\t<\/div>\n\t\t\t\t\t<\/div>\n\t\t<\/section>\n\t\t\t\t<\/div>\n\t\t","protected":false},"excerpt":{"rendered":"<p>Voir La Team Nous constacter A propos de nous, MBS Solution est une soci\u00e9t\u00e9 d&rsquo;\u00e9lectricit\u00e9 familiale fond\u00e9e en 2006. Nous sommes fiers de fournir des services de qualit\u00e9 sup\u00e9rieure dans les secteurs du retail, de l&rsquo;industrie et du priv\u00e9. En tant qu&rsquo;entreprise familiale, nous valorisons la flexibilit\u00e9 et nous nous effor\u00e7ons de r\u00e9pondre aux besoins<br \/><a class=\"moretag\" href=\"https:\/\/mbssolution.be\/index.php\/a_propos_nous\/\">+ Read More<\/a><\/p>\n","protected":false},"author":2,"featured_media":513,"parent":0,"menu_order":0,"comment_status":"closed","ping_status":"closed","template":"templates\/page-builder.php","meta":{"footnotes":""},"class_list":["post-116","page","type-page","status-publish","has-post-thumbnail","hentry"],"_links":{"self":[{"href":"https:\/\/mbssolution.be\/index.php\/wp-json\/wp\/v2\/pages\/116","targetHints":{"allow":["GET"]}}],"collection":[{"href":"https:\/\/mbssolution.be\/index.php\/wp-json\/wp\/v2\/pages"}],"about":[{"href":"https:\/\/mbssolution.be\/index.php\/wp-json\/wp\/v2\/types\/page"}],"author":[{"embeddable":true,"href":"https:\/\/mbssolution.be\/index.php\/wp-json\/wp\/v2\/users\/2"}],"replies":[{"embeddable":true,"href":"https:\/\/mbssolution.be\/index.php\/wp-json\/wp\/v2\/comments?post=116"}],"version-history":[{"count":33,"href":"https:\/\/mbssolution.be\/index.php\/wp-json\/wp\/v2\/pages\/116\/revisions"}],"predecessor-version":[{"id":1098,"href":"https:\/\/mbssolution.be\/index.php\/wp-json\/wp\/v2\/pages\/116\/revisions\/1098"}],"wp:featuredmedia":[{"embeddable":true,"href":"https:\/\/mbssolution.be\/index.php\/wp-json\/wp\/v2\/media\/513"}],"wp:attachment":[{"href":"https:\/\/mbssolution.be\/index.php\/wp-json\/wp\/v2\/media?parent=116"}],"curies":[{"name":"wp","href":"https:\/\/api.w.org\/{rel}","templated":true}]}}